{"id":941,"date":"2019-09-23T13:26:05","date_gmt":"2019-09-23T17:26:05","guid":{"rendered":"https:\/\/maisonhoude.com\/?page_id=941"},"modified":"2023-10-12T10:20:14","modified_gmt":"2023-10-12T14:20:14","slug":"ile-bizard","status":"publish","type":"page","link":"https:\/\/maisonhoude.com\/en\/ile-bizard\/","title":{"rendered":"\u00cele-Bizard"},"content":{"rendered":"\t\t<div data-elementor-type=\"wp-post\" data-elementor-id=\"941\" class=\"elementor elementor-941 elementor-940\">\n\t\t\t\t\t\t<div class=\"elementor-inner\">\n\t\t\t\t<div class=\"elementor-section-wrap\">\n\t\t\t\t\t\t\t\t\t<section class=\"elementor-section elementor-top-section elementor-element elementor-element-3668f322 elementor-section-boxed elementor-section-height-default elementor-section-height-default elementor-invisible\" data-id=\"3668f322\" data-element_type=\"section\" data-settings=\"{&quot;background_background&quot;:&quot;classic&quot;,&quot;animation&quot;:&quot;fadeIn&quot;}\">\n\t\t\t\t\t\t<div class=\"elementor-container elementor-column-gap-default\">\n\t\t\t\t\t\t\t<div class=\"elementor-row\">\n\t\t\t\t\t<div class=\"elementor-column elementor-col-100 elementor-top-column elementor-element elementor-element-41747084\" data-id=\"41747084\" data-element_type=\"column\">\n\t\t\t<div class=\"elementor-column-wrap elementor-element-populated\">\n\t\t\t\t\t\t\t<div class=\"elementor-widget-wrap\">\n\t\t\t\t\t\t<div class=\"elementor-element elementor-element-3d9eb2d elementor-widget elementor-widget-heading\" data-id=\"3d9eb2d\" data-element_type=\"widget\" data-widget_type=\"heading.default\">\n\t\t\t\t<div class=\"elementor-widget-container\">\n\t\t\t<h2 class=\"elementor-heading-title elementor-size-default\">Village de l'\u00cele<\/h2>\t\t<\/div>\n\t\t\t\t<\/div>\n\t\t\t\t<div class=\"elementor-element elementor-element-5a3af884 elementor-widget elementor-widget-heading\" data-id=\"5a3af884\" data-element_type=\"widget\" data-widget_type=\"heading.default\">\n\t\t\t\t<div class=\"elementor-widget-container\">\n\t\t\t<h4 class=\"elementor-heading-title elementor-size-default\">\u00ceLE-BIZARD<\/h4>\t\t<\/div>\n\t\t\t\t<\/div>\n\t\t\t\t\t\t<\/div>\n\t\t\t\t\t<\/div>\n\t\t<\/div>\n\t\t\t\t\t\t\t\t<\/div>\n\t\t\t\t\t<\/div>\n\t\t<\/section>\n\t\t\t\t<section class=\"elementor-section elementor-top-section elementor-element elementor-element-5771d5ce elementor-section-content-middle elementor-section-boxed elementor-section-height-default elementor-section-height-default elementor-invisible\" data-id=\"5771d5ce\" data-element_type=\"section\" data-settings=\"{&quot;background_background&quot;:&quot;classic&quot;,&quot;animation&quot;:&quot;fadeIn&quot;}\">\n\t\t\t\t\t\t<div class=\"elementor-container elementor-column-gap-default\">\n\t\t\t\t\t\t\t<div class=\"elementor-row\">\n\t\t\t\t\t<div class=\"elementor-column elementor-col-50 elementor-top-column elementor-element elementor-element-6847100d\" data-id=\"6847100d\" data-element_type=\"column\">\n\t\t\t<div class=\"elementor-column-wrap elementor-element-populated\">\n\t\t\t\t\t\t\t<div class=\"elementor-widget-wrap\">\n\t\t\t\t\t\t<div class=\"elementor-element elementor-element-1bdc8019 elementor-widget elementor-widget-image\" data-id=\"1bdc8019\" data-element_type=\"widget\" data-widget_type=\"image.default\">\n\t\t\t\t<div class=\"elementor-widget-container\">\n\t\t\t\t\t\t\t\t<div class=\"elementor-image\">\n\t\t\t\t\t\t\t\t\t\t\t\t<img loading=\"lazy\" decoding=\"async\" width=\"1024\" height=\"614\" src=\"https:\/\/maisonhoude.com\/wp-content\/uploads\/2023\/04\/5629-1024x614.jpg\" class=\"attachment-large size-large\" alt=\"\" srcset=\"https:\/\/maisonhoude.com\/wp-content\/uploads\/2023\/04\/5629-1024x614.jpg 1024w, https:\/\/maisonhoude.com\/wp-content\/uploads\/2023\/04\/5629-300x180.jpg 300w, https:\/\/maisonhoude.com\/wp-content\/uploads\/2023\/04\/5629-768x461.jpg 768w, https:\/\/maisonhoude.com\/wp-content\/uploads\/2023\/04\/5629.jpg 1500w\" sizes=\"(max-width: 1024px) 100vw, 1024px\" \/>\t\t\t\t\t\t\t\t\t\t\t\t\t\t<\/div>\n\t\t\t\t\t\t<\/div>\n\t\t\t\t<\/div>\n\t\t\t\t\t\t<\/div>\n\t\t\t\t\t<\/div>\n\t\t<\/div>\n\t\t\t\t<div class=\"elementor-column elementor-col-50 elementor-top-column elementor-element elementor-element-27bb4a6d\" data-id=\"27bb4a6d\" data-element_type=\"column\">\n\t\t\t<div class=\"elementor-column-wrap elementor-element-populated\">\n\t\t\t\t\t\t\t<div class=\"elementor-widget-wrap\">\n\t\t\t\t\t\t<div class=\"elementor-element elementor-element-2617c3e6 elementor-widget elementor-widget-heading\" data-id=\"2617c3e6\" data-element_type=\"widget\" data-widget_type=\"heading.default\">\n\t\t\t\t<div class=\"elementor-widget-container\">\n\t\t\t<h3 class=\"elementor-heading-title elementor-size-default\">SINGLE FAMILY HOME<\/h3>\t\t<\/div>\n\t\t\t\t<\/div>\n\t\t\t\t<div class=\"elementor-element elementor-element-2e567461 elementor-align-left elementor-icon-list--layout-traditional elementor-list-item-link-full_width elementor-widget elementor-widget-icon-list\" data-id=\"2e567461\" data-element_type=\"widget\" data-widget_type=\"icon-list.default\">\n\t\t\t\t<div class=\"elementor-widget-container\">\n\t\t\t\t\t<ul class=\"elementor-icon-list-items\">\n\t\t\t\t\t\t\t<li class=\"elementor-icon-list-item\">\n\t\t\t\t\t\t\t\t\t\t\t<span class=\"elementor-icon-list-icon\">\n\t\t\t\t\t\t\t<i aria-hidden=\"true\" class=\"fas fa-bus\"><\/i>\t\t\t\t\t\t<\/span>\n\t\t\t\t\t\t\t\t\t\t<span class=\"elementor-icon-list-text\">Close to public tranport<\/span>\n\t\t\t\t\t\t\t\t\t<\/li>\n\t\t\t\t\t\t\t\t<li class=\"elementor-icon-list-item\">\n\t\t\t\t\t\t\t\t\t\t\t<span class=\"elementor-icon-list-icon\">\n\t\t\t\t\t\t\t<i aria-hidden=\"true\" class=\"fas fa-graduation-cap\"><\/i>\t\t\t\t\t\t<\/span>\n\t\t\t\t\t\t\t\t\t\t<span class=\"elementor-icon-list-text\">Near schools<\/span>\n\t\t\t\t\t\t\t\t\t<\/li>\n\t\t\t\t\t\t\t\t<li class=\"elementor-icon-list-item\">\n\t\t\t\t\t\t\t\t\t\t\t<a href=\"http:\/\/quiet%20neighborhood\">\n\n\t\t\t\t\t\t\t\t\t\t\t\t<span class=\"elementor-icon-list-icon\">\n\t\t\t\t\t\t\t<i aria-hidden=\"true\" class=\"fas fa-child\"><\/i>\t\t\t\t\t\t<\/span>\n\t\t\t\t\t\t\t\t\t\t<span class=\"elementor-icon-list-text\">Quiet neighborhood<\/span>\n\t\t\t\t\t\t\t\t\t\t\t<\/a>\n\t\t\t\t\t\t\t\t\t<\/li>\n\t\t\t\t\t\t<\/ul>\n\t\t\t\t<\/div>\n\t\t\t\t<\/div>\n\t\t\t\t<div class=\"elementor-element elementor-element-4b62630f elementor-widget elementor-widget-heading\" data-id=\"4b62630f\" data-element_type=\"widget\" data-widget_type=\"heading.default\">\n\t\t\t\t<div class=\"elementor-widget-container\">\n\t\t\t<h4 class=\"elementor-heading-title elementor-size-default\">INFOS & CONTACT<\/h4>\t\t<\/div>\n\t\t\t\t<\/div>\n\t\t\t\t<div class=\"elementor-element elementor-element-f811f40 elementor-align-left elementor-icon-list--layout-traditional elementor-list-item-link-full_width elementor-widget elementor-widget-icon-list\" data-id=\"f811f40\" data-element_type=\"widget\" data-widget_type=\"icon-list.default\">\n\t\t\t\t<div class=\"elementor-widget-container\">\n\t\t\t\t\t<ul class=\"elementor-icon-list-items\">\n\t\t\t\t\t\t\t<li class=\"elementor-icon-list-item\">\n\t\t\t\t\t\t\t\t\t\t\t<span class=\"elementor-icon-list-icon\">\n\t\t\t\t\t\t\t<i aria-hidden=\"true\" class=\"fas fa-at\"><\/i>\t\t\t\t\t\t<\/span>\n\t\t\t\t\t\t\t\t\t\t<span class=\"elementor-icon-list-text\">Joe Azzi<\/span>\n\t\t\t\t\t\t\t\t\t<\/li>\n\t\t\t\t\t\t\t\t<li class=\"elementor-icon-list-item\">\n\t\t\t\t\t\t\t\t\t\t\t<span class=\"elementor-icon-list-icon\">\n\t\t\t\t\t\t\t<i aria-hidden=\"true\" class=\"fas fa-phone\"><\/i>\t\t\t\t\t\t<\/span>\n\t\t\t\t\t\t\t\t\t\t<span class=\"elementor-icon-list-text\">(514) 222-9090<\/span>\n\t\t\t\t\t\t\t\t\t<\/li>\n\t\t\t\t\t\t<\/ul>\n\t\t\t\t<\/div>\n\t\t\t\t<\/div>\n\t\t\t\t\t\t<\/div>\n\t\t\t\t\t<\/div>\n\t\t<\/div>\n\t\t\t\t\t\t\t\t<\/div>\n\t\t\t\t\t<\/div>\n\t\t<\/section>\n\t\t\t\t<section class=\"elementor-section elementor-top-section elementor-element elementor-element-5f5e8277 elementor-section-boxed elementor-section-height-default elementor-section-height-default elementor-invisible\" data-id=\"5f5e8277\" data-element_type=\"section\" data-settings=\"{&quot;background_background&quot;:&quot;classic&quot;,&quot;animation&quot;:&quot;fadeIn&quot;}\">\n\t\t\t\t\t\t<div class=\"elementor-container elementor-column-gap-default\">\n\t\t\t\t\t\t\t<div class=\"elementor-row\">\n\t\t\t\t\t<div class=\"elementor-column elementor-col-50 elementor-top-column elementor-element elementor-element-7db5132\" data-id=\"7db5132\" data-element_type=\"column\">\n\t\t\t<div class=\"elementor-column-wrap elementor-element-populated\">\n\t\t\t\t\t\t\t<div class=\"elementor-widget-wrap\">\n\t\t\t\t\t\t<div class=\"elementor-element elementor-element-36c35c65 elementor-widget elementor-widget-heading\" data-id=\"36c35c65\" data-element_type=\"widget\" data-widget_type=\"heading.default\">\n\t\t\t\t<div class=\"elementor-widget-container\">\n\t\t\t<h4 class=\"elementor-heading-title elementor-size-default\">FICHE TECHNIQUE<\/h4>\t\t<\/div>\n\t\t\t\t<\/div>\n\t\t\t\t<div class=\"elementor-element elementor-element-9c5def4 elementor-align-left elementor-icon-list--layout-traditional elementor-list-item-link-full_width elementor-widget elementor-widget-icon-list\" data-id=\"9c5def4\" data-element_type=\"widget\" data-widget_type=\"icon-list.default\">\n\t\t\t\t<div class=\"elementor-widget-container\">\n\t\t\t\t\t<ul class=\"elementor-icon-list-items\">\n\t\t\t\t\t\t\t<li class=\"elementor-icon-list-item\">\n\t\t\t\t\t\t\t\t\t\t\t<a href=\"https:\/\/maisonhoude.com\/wp-content\/uploads\/2023\/10\/BROCHURE-5629.pdf\">\n\n\t\t\t\t\t\t\t\t\t\t\t\t<span class=\"elementor-icon-list-icon\">\n\t\t\t\t\t\t\t<i aria-hidden=\"true\" class=\"fas fa-download\"><\/i>\t\t\t\t\t\t<\/span>\n\t\t\t\t\t\t\t\t\t\t<span class=\"elementor-icon-list-text\">Download our technical sheet<\/span>\n\t\t\t\t\t\t\t\t\t\t\t<\/a>\n\t\t\t\t\t\t\t\t\t<\/li>\n\t\t\t\t\t\t<\/ul>\n\t\t\t\t<\/div>\n\t\t\t\t<\/div>\n\t\t\t\t<div class=\"elementor-element elementor-element-659e9f60 elementor-align-left elementor-icon-list--layout-traditional elementor-list-item-link-full_width elementor-widget elementor-widget-icon-list\" data-id=\"659e9f60\" data-element_type=\"widget\" data-widget_type=\"icon-list.default\">\n\t\t\t\t<div class=\"elementor-widget-container\">\n\t\t\t\t\t<ul class=\"elementor-icon-list-items\">\n\t\t\t\t\t\t\t<li class=\"elementor-icon-list-item\">\n\t\t\t\t\t\t\t\t\t\t\t<span class=\"elementor-icon-list-icon\">\n\t\t\t\t\t\t\t<i aria-hidden=\"true\" class=\"fas fa-map-marker-alt\"><\/i>\t\t\t\t\t\t<\/span>\n\t\t\t\t\t\t\t\t\t\t<span class=\"elementor-icon-list-text\">364 Louise-Major Street, \u00cele-Bizard, Qc, H9W 0B2<\/span>\n\t\t\t\t\t\t\t\t\t<\/li>\n\t\t\t\t\t\t<\/ul>\n\t\t\t\t<\/div>\n\t\t\t\t<\/div>\n\t\t\t\t\t\t<\/div>\n\t\t\t\t\t<\/div>\n\t\t<\/div>\n\t\t\t\t<div class=\"elementor-column elementor-col-50 elementor-top-column elementor-element elementor-element-71b60c3f\" data-id=\"71b60c3f\" data-element_type=\"column\">\n\t\t\t<div class=\"elementor-column-wrap elementor-element-populated\">\n\t\t\t\t\t\t\t<div class=\"elementor-widget-wrap\">\n\t\t\t\t\t\t<div class=\"elementor-element elementor-element-4249a570 elementor-widget elementor-widget-google_maps\" data-id=\"4249a570\" data-element_type=\"widget\" data-widget_type=\"google_maps.default\">\n\t\t\t\t<div class=\"elementor-widget-container\">\n\t\t\t\t\t<div class=\"elementor-custom-embed\">\n\t\t\t<iframe frameborder=\"0\" scrolling=\"no\" marginheight=\"0\" marginwidth=\"0\"\n\t\t\t\t\tsrc=\"https:\/\/maps.google.com\/maps?q=364%20Rue%20Louise-Major%2C%20%C3%AEle-Bizard&#038;t=m&#038;z=13&#038;output=embed&#038;iwloc=near\"\n\t\t\t\t\ttitle=\"364 Rue Louise-Major, \u00eele-Bizard\"\n\t\t\t\t\taria-label=\"364 Rue Louise-Major, \u00eele-Bizard\"\n\t\t\t><\/iframe>\n\t\t<\/div>\n\t\t\t\t<\/div>\n\t\t\t\t<\/div>\n\t\t\t\t<div class=\"elementor-element elementor-element-130c739c elementor-widget elementor-widget-heading\" data-id=\"130c739c\" data-element_type=\"widget\" data-widget_type=\"heading.default\">\n\t\t\t\t<div class=\"elementor-widget-container\">\n\t\t\t<h4 class=\"elementor-heading-title elementor-size-default\">PROJECT LOCATION<\/h4>\t\t<\/div>\n\t\t\t\t<\/div>\n\t\t\t\t\t\t<\/div>\n\t\t\t\t\t<\/div>\n\t\t<\/div>\n\t\t\t\t\t\t\t\t<\/div>\n\t\t\t\t\t<\/div>\n\t\t<\/section>\n\t\t\t\t\t\t\t\t\t<\/div>\n\t\t\t<\/div>\n\t\t\t\t\t<\/div>\n\t\t","protected":false},"excerpt":{"rendered":"<p>Village de l&#8217;\u00cele \u00ceLE-BIZARD SINGLE FAMILY HOME Close to public tranport Near schools Quiet neighborhood INFOS &#038; CONTACT Joe Azzi (514) 222-9090 FICHE TECHNIQUE Download our technical sheet 364 Louise-Major Street, \u00cele-Bizard, Qc, H9W 0B2 PROJECT LOCATION<\/p>\n","protected":false},"author":2,"featured_media":1169,"parent":0,"menu_order":1,"comment_status":"closed","ping_status":"closed","template":"elementor_header_footer","meta":{"_mi_skip_tracking":false,"_monsterinsights_sitenote_active":false,"_monsterinsights_sitenote_note":"","_monsterinsights_sitenote_category":0,"site-sidebar-layout":"no-sidebar","site-content-layout":"page-builder","ast-global-header-display":"","ast-main-header-display":"disabled","ast-hfb-above-header-display":"","ast-hfb-below-header-display":"","ast-hfb-mobile-header-display":"","site-post-title":"disabled","ast-breadcrumbs-content":"","ast-featured-img":"disabled","footer-sml-layout":"","theme-transparent-header-meta":"default","adv-header-id-meta":"","stick-header-meta":"","header-above-stick-meta":"","header-main-stick-meta":"","header-below-stick-meta":"","footnotes":""},"yoast_head":"<!-- This site is optimized with the Yoast SEO plugin v19.7.1 - https:\/\/yoast.com\/wordpress\/plugins\/seo\/ -->\n<title>\u00cele-Bizard - Maison Houde<\/title>\n<meta name=\"robots\" content=\"index, follow, max-snippet:-1, max-image-preview:large, max-video-preview:-1\" \/>\n<link rel=\"canonical\" href=\"https:\/\/maisonhoude.com\/en\/ile-bizard\/\" \/>\n<meta property=\"og:locale\" content=\"en_US\" \/>\n<meta property=\"og:type\" content=\"article\" \/>\n<meta property=\"og:title\" content=\"\u00cele-Bizard - Maison Houde\" \/>\n<meta property=\"og:description\" content=\"Village de l&#8217;\u00cele \u00ceLE-BIZARD SINGLE FAMILY HOME Close to public tranport Near schools Quiet neighborhood INFOS &#038; CONTACT Joe Azzi (514) 222-9090 FICHE TECHNIQUE Download our technical sheet 364 Louise-Major Street, \u00cele-Bizard, Qc, H9W 0B2 PROJECT LOCATION\" \/>\n<meta property=\"og:url\" content=\"https:\/\/maisonhoude.com\/en\/ile-bizard\/\" \/>\n<meta property=\"og:site_name\" content=\"Maison Houde\" \/>\n<meta property=\"article:publisher\" content=\"https:\/\/www.facebook.com\/Construction-Jean-Houde-Prestige-Inc-665220556922848\/?fref=ts\" \/>\n<meta property=\"article:modified_time\" content=\"2023-10-12T14:20:14+00:00\" \/>\n<meta property=\"og:image\" content=\"https:\/\/maisonhoude.com\/wp-content\/uploads\/2018\/11\/Deauville.jpg\" \/>\n\t<meta property=\"og:image:width\" content=\"1016\" \/>\n\t<meta property=\"og:image:height\" content=\"601\" \/>\n\t<meta property=\"og:image:type\" content=\"image\/jpeg\" \/>\n<meta name=\"twitter:card\" content=\"summary_large_image\" \/>\n<meta name=\"twitter:label1\" content=\"Est. reading time\" \/>\n\t<meta name=\"twitter:data1\" content=\"1 minute\" \/>\n<script type=\"application\/ld+json\" class=\"yoast-schema-graph\">{\"@context\":\"https:\/\/schema.org\",\"@graph\":[{\"@type\":\"WebPage\",\"@id\":\"https:\/\/maisonhoude.com\/en\/ile-bizard\/\",\"url\":\"https:\/\/maisonhoude.com\/en\/ile-bizard\/\",\"name\":\"\u00cele-Bizard - Maison Houde\",\"isPartOf\":{\"@id\":\"https:\/\/maisonhoude.com\/en\/#website\"},\"datePublished\":\"2019-09-23T17:26:05+00:00\",\"dateModified\":\"2023-10-12T14:20:14+00:00\",\"breadcrumb\":{\"@id\":\"https:\/\/maisonhoude.com\/en\/ile-bizard\/#breadcrumb\"},\"inLanguage\":\"en-US\",\"potentialAction\":[{\"@type\":\"ReadAction\",\"target\":[\"https:\/\/maisonhoude.com\/en\/ile-bizard\/\"]}]},{\"@type\":\"BreadcrumbList\",\"@id\":\"https:\/\/maisonhoude.com\/en\/ile-bizard\/#breadcrumb\",\"itemListElement\":[{\"@type\":\"ListItem\",\"position\":1,\"name\":\"Accueil\",\"item\":\"https:\/\/maisonhoude.com\/en\/\"},{\"@type\":\"ListItem\",\"position\":2,\"name\":\"\u00cele-Bizard\"}]},{\"@type\":\"WebSite\",\"@id\":\"https:\/\/maisonhoude.com\/en\/#website\",\"url\":\"https:\/\/maisonhoude.com\/en\/\",\"name\":\"Maison Houde\",\"description\":\"Groupe Houde\",\"publisher\":{\"@id\":\"https:\/\/maisonhoude.com\/en\/#organization\"},\"potentialAction\":[{\"@type\":\"SearchAction\",\"target\":{\"@type\":\"EntryPoint\",\"urlTemplate\":\"https:\/\/maisonhoude.com\/en\/?s={search_term_string}\"},\"query-input\":\"required name=search_term_string\"}],\"inLanguage\":\"en-US\"},{\"@type\":\"Organization\",\"@id\":\"https:\/\/maisonhoude.com\/en\/#organization\",\"name\":\"Maison Houde\",\"url\":\"https:\/\/maisonhoude.com\/en\/\",\"sameAs\":[\"https:\/\/www.instagram.com\/constructionjeanhoude\/\",\"https:\/\/www.facebook.com\/Construction-Jean-Houde-Prestige-Inc-665220556922848\/?fref=ts\"],\"logo\":{\"@type\":\"ImageObject\",\"inLanguage\":\"en-US\",\"@id\":\"https:\/\/maisonhoude.com\/en\/#\/schema\/logo\/image\/\",\"url\":\"https:\/\/maisonhoude.com\/wp-content\/uploads\/2018\/10\/maionhoudelogo.png\",\"contentUrl\":\"https:\/\/maisonhoude.com\/wp-content\/uploads\/2018\/10\/maionhoudelogo.png\",\"width\":2182,\"height\":261,\"caption\":\"Maison Houde\"},\"image\":{\"@id\":\"https:\/\/maisonhoude.com\/en\/#\/schema\/logo\/image\/\"}}]}<\/script>\n<!-- \/ Yoast SEO plugin. -->","yoast_head_json":{"title":"\u00cele-Bizard - Maison Houde","robots":{"index":"index","follow":"follow","max-snippet":"max-snippet:-1","max-image-preview":"max-image-preview:large","max-video-preview":"max-video-preview:-1"},"canonical":"https:\/\/maisonhoude.com\/en\/ile-bizard\/","og_locale":"en_US","og_type":"article","og_title":"\u00cele-Bizard - Maison Houde","og_description":"Village de l&#8217;\u00cele \u00ceLE-BIZARD SINGLE FAMILY HOME Close to public tranport Near schools Quiet neighborhood INFOS &#038; CONTACT Joe Azzi (514) 222-9090 FICHE TECHNIQUE Download our technical sheet 364 Louise-Major Street, \u00cele-Bizard, Qc, H9W 0B2 PROJECT LOCATION","og_url":"https:\/\/maisonhoude.com\/en\/ile-bizard\/","og_site_name":"Maison Houde","article_publisher":"https:\/\/www.facebook.com\/Construction-Jean-Houde-Prestige-Inc-665220556922848\/?fref=ts","article_modified_time":"2023-10-12T14:20:14+00:00","og_image":[{"width":1016,"height":601,"url":"https:\/\/maisonhoude.com\/wp-content\/uploads\/2018\/11\/Deauville.jpg","type":"image\/jpeg"}],"twitter_card":"summary_large_image","twitter_misc":{"Est. reading time":"1 minute"},"schema":{"@context":"https:\/\/schema.org","@graph":[{"@type":"WebPage","@id":"https:\/\/maisonhoude.com\/en\/ile-bizard\/","url":"https:\/\/maisonhoude.com\/en\/ile-bizard\/","name":"\u00cele-Bizard - Maison Houde","isPartOf":{"@id":"https:\/\/maisonhoude.com\/en\/#website"},"datePublished":"2019-09-23T17:26:05+00:00","dateModified":"2023-10-12T14:20:14+00:00","breadcrumb":{"@id":"https:\/\/maisonhoude.com\/en\/ile-bizard\/#breadcrumb"},"inLanguage":"en-US","potentialAction":[{"@type":"ReadAction","target":["https:\/\/maisonhoude.com\/en\/ile-bizard\/"]}]},{"@type":"BreadcrumbList","@id":"https:\/\/maisonhoude.com\/en\/ile-bizard\/#breadcrumb","itemListElement":[{"@type":"ListItem","position":1,"name":"Accueil","item":"https:\/\/maisonhoude.com\/en\/"},{"@type":"ListItem","position":2,"name":"\u00cele-Bizard"}]},{"@type":"WebSite","@id":"https:\/\/maisonhoude.com\/en\/#website","url":"https:\/\/maisonhoude.com\/en\/","name":"Maison Houde","description":"Groupe Houde","publisher":{"@id":"https:\/\/maisonhoude.com\/en\/#organization"},"potentialAction":[{"@type":"SearchAction","target":{"@type":"EntryPoint","urlTemplate":"https:\/\/maisonhoude.com\/en\/?s={search_term_string}"},"query-input":"required name=search_term_string"}],"inLanguage":"en-US"},{"@type":"Organization","@id":"https:\/\/maisonhoude.com\/en\/#organization","name":"Maison Houde","url":"https:\/\/maisonhoude.com\/en\/","sameAs":["https:\/\/www.instagram.com\/constructionjeanhoude\/","https:\/\/www.facebook.com\/Construction-Jean-Houde-Prestige-Inc-665220556922848\/?fref=ts"],"logo":{"@type":"ImageObject","inLanguage":"en-US","@id":"https:\/\/maisonhoude.com\/en\/#\/schema\/logo\/image\/","url":"https:\/\/maisonhoude.com\/wp-content\/uploads\/2018\/10\/maionhoudelogo.png","contentUrl":"https:\/\/maisonhoude.com\/wp-content\/uploads\/2018\/10\/maionhoudelogo.png","width":2182,"height":261,"caption":"Maison Houde"},"image":{"@id":"https:\/\/maisonhoude.com\/en\/#\/schema\/logo\/image\/"}}]}},"_links":{"self":[{"href":"https:\/\/maisonhoude.com\/en\/wp-json\/wp\/v2\/pages\/941"}],"collection":[{"href":"https:\/\/maisonhoude.com\/en\/wp-json\/wp\/v2\/pages"}],"about":[{"href":"https:\/\/maisonhoude.com\/en\/wp-json\/wp\/v2\/types\/page"}],"author":[{"embeddable":true,"href":"https:\/\/maisonhoude.com\/en\/wp-json\/wp\/v2\/users\/2"}],"replies":[{"embeddable":true,"href":"https:\/\/maisonhoude.com\/en\/wp-json\/wp\/v2\/comments?post=941"}],"version-history":[{"count":96,"href":"https:\/\/maisonhoude.com\/en\/wp-json\/wp\/v2\/pages\/941\/revisions"}],"predecessor-version":[{"id":6024,"href":"https:\/\/maisonhoude.com\/en\/wp-json\/wp\/v2\/pages\/941\/revisions\/6024"}],"wp:featuredmedia":[{"embeddable":true,"href":"https:\/\/maisonhoude.com\/en\/wp-json\/wp\/v2\/media\/1169"}],"wp:attachment":[{"href":"https:\/\/maisonhoude.com\/en\/wp-json\/wp\/v2\/media?parent=941"}],"curies":[{"name":"wp","href":"https:\/\/api.w.org\/{rel}","templated":true}]}}